{"id":1848,"date":"2023-10-04T22:21:16","date_gmt":"2023-10-04T21:21:16","guid":{"rendered":"https:\/\/www.lina.pt\/premios\/"},"modified":"2023-10-18T21:15:27","modified_gmt":"2023-10-18T20:15:27","slug":"premios","status":"publish","type":"page","link":"https:\/\/www.lina.pt\/pt-pt\/premios\/","title":{"rendered":"Pr\u00e9mios"},"content":{"rendered":"\n<p>Vencedor da primeira edi\u00e7\u00e3o do Pr\u00e9mio Carlos do Carmo 2021 &#8211; LINA_ Ra\u00fcl Refree<\/p>\n\n\n\n<p>Nomeado para os Pr\u00e9mios de Talento da Music Moves Europe 2021 &#8211; LINA_ Ra\u00fcl Refree<\/p>\n\n\n\n<p>N\u00ba 1 na World Music Charts Europe, The Year 2020 &#8211; Compilado em nome do World Music Workshop da Uni\u00e3o Europeia de Radiodifus\u00e3o (EBU) por Johannes Theurer\/Milan Tesar &#8211; LINA_ Ra\u00fcl Refree<\/p>\n\n\n\n<p>Arne BERG, membro do j\u00fari, Noruega:<br><em>&#8220;As emo\u00e7\u00f5es puras da voz de Lina encontram-se com a incr\u00edvel instrumenta\u00e7\u00e3o minimalista e a produ\u00e7\u00e3o de Ra\u00fcl Refree, reinventando o fado e reinterpretando o legado de Am\u00e1lia Rodrigues.&#8221; \u00c9 hipnotizante e profundamente comovente. N\u00famero um na minha lista para 2020, e continua a crescer.<\/em><\/p>\n\n\n\n<p>L\u00e1szl\u00f3 MARTON, membro do j\u00fari, Hungria:<br><em>&#8220;Parece que a Lina &amp; Ra\u00fcl sabe exatamente: quem quer seguir as pisadas de Am\u00e1lia Rodrigues tem de ser pioneiro ao mesmo tempo. O seu \u00e1lbum est\u00e1 profundamente enraizado nas can\u00e7\u00f5es de Am\u00e1lia, mas enquanto a voz \u00e9 fatalmente triste, o acompanhamento atmosf\u00e9rico \u00e9 t\u00e3o fresco quanto emocionante. A magia no seu melhor.&#8221;<\/em><\/p>\n\n\n\n<p>Zjakki WILLEMS, membro do j\u00fari, B\u00e9lgica:<br><em>&#8220;De Rodrigues para Rodrigues, de Am\u00e1lia para Lina, dos antigos mestres do fado para a nova gera\u00e7\u00e3o do fado, com beleza e respeito.&#8221;<\/em><\/p>\n\n\n\n<p>Milan TESA\u0158, membro do j\u00fari, Rep\u00fablica Checa:<br><em>&#8220;Lina_Ra\u00fcl Refree \u00e9 um \u00e1lbum que alguns tradicionalistas portugueses poder\u00e3o n\u00e3o aceitar. No entanto, pode dar a conhecer a ouvintes de outras partes do mundo uma tradi\u00e7\u00e3o musical que continua viva, cheia de emo\u00e7\u00e3o e beleza. Essa beleza permanecer\u00e1 nas can\u00e7\u00f5es, mesmo que o produtor as ajuste \u00e0 sua maneira. \u00c9 preciso um produtor extraordin\u00e1rio, como \u00e9 Ra\u00fcl Refree, e uma cantora encantadora como Lina Rodrigues. Ent\u00e3o, uma experi\u00eancia extremamente poderosa \u00e9 garantida.&#8221;<\/em><\/p>\n\n\n\n<p>Vencedor do Preis Der Deutschen Schallplattenkritik &#8211; Pr\u00e9mio da cr\u00edtica musical alem\u00e3 (Melhor disco de World Music do primeiro trimestre de 2020) &#8211; LINA_ Ra\u00fcl Refree<\/p>\n\n\n\n<p>Vencedor do Pr\u00e9mio da Academia Charles Cros &#8211; COUP DE COEUR 2020 &#8211; LINA_ Ra\u00fcl Refree<\/p>\n\n\n\n<p>Nomeado para Les victoires du Jazz 2020 &#8211; LINA_ Ra\u00fcl Refree<\/p>\n\n\n\n<p>Videoclip na lista de finalistas do One Screen Short Film Festival New York 2020 &#8211; LINA_ Ra\u00fcl Refree<\/p>\n\n\n\n<p>TOP10 World Music Charts Europe and Worldwide Music Charts &#8211; Durante 4 meses consecutivos (a partir de fevereiro de 2020) &#8211; LINA_ Ra\u00fcl Refree<\/p>\n\n\n\n<p>N\u00ba 9 em 10 Melhores \u00c1lbuns de World Music de 2020 por Popmatters &#8211; LINA_ Ra\u00fcl Refree<\/p>\n\n\n\n<p>N\u00ba 12 nos 50 melhores \u00e1lbuns portugueses 2020 da Blitz &#8211; LINA_ Ra\u00fcl Refree<\/p>\n\n\n\n<p>N\u00ba 45 nos \u00e1lbuns TOP internacionais 2020 da Rockdelux &#8211; LINA_ Ra\u00fcl Refree<\/p>\n\n\n\n<p>N\u00ba 1 nos Melhores \u00e1lbuns portugueses 2020 por No S\u00f3lo Fado<\/p>\n\n\n\n<p>Um dos 5 melhores \u00e1lbuns de 2020 de acordo com Patrick Labesse no Le Monde<\/p>\n","protected":false},"excerpt":{"rendered":"<p>Vencedor da primeira edi\u00e7\u00e3o do Pr\u00e9mio Carlos do Carmo 2021 &#8211; LINA_ Ra\u00fcl Refree Nomeado para os Pr\u00e9mios de Talento da Music Moves Europe 2021 &#8211; LINA_ Ra\u00fcl Refree N\u00ba 1 na World Music Charts Europe, The Year 2020 &#8211; Compilado em nome do World Music Workshop da Uni\u00e3o Europeia de Radiodifus\u00e3o (EBU) por Johannes [&hellip;]<\/p>\n","protected":false},"author":1,"featured_media":0,"parent":0,"menu_order":0,"comment_status":"closed","ping_status":"closed","template":"","meta":{"ub_ctt_via":"","footnotes":""},"featured_image_src":null,"_links":{"self":[{"href":"https:\/\/www.lina.pt\/pt-pt\/wp-json\/wp\/v2\/pages\/1848"}],"collection":[{"href":"https:\/\/www.lina.pt\/pt-pt\/wp-json\/wp\/v2\/pages"}],"about":[{"href":"https:\/\/www.lina.pt\/pt-pt\/wp-json\/wp\/v2\/types\/page"}],"author":[{"embeddable":true,"href":"https:\/\/www.lina.pt\/pt-pt\/wp-json\/wp\/v2\/users\/1"}],"replies":[{"embeddable":true,"href":"https:\/\/www.lina.pt\/pt-pt\/wp-json\/wp\/v2\/comments?post=1848"}],"version-history":[{"count":0,"href":"https:\/\/www.lina.pt\/pt-pt\/wp-json\/wp\/v2\/pages\/1848\/revisions"}],"wp:attachment":[{"href":"https:\/\/www.lina.pt\/pt-pt\/wp-json\/wp\/v2\/media?parent=1848"}],"curies":[{"name":"wp","href":"https:\/\/api.w.org\/{rel}","templated":true}]}}