{"id":1854,"date":"2019-11-13T06:04:21","date_gmt":"2019-11-13T06:04:21","guid":{"rendered":"https:\/\/www.lina.pt\/lina\/"},"modified":"2023-10-18T21:35:00","modified_gmt":"2023-10-18T20:35:00","slug":"lina","status":"publish","type":"page","link":"https:\/\/www.lina.pt\/pt-pt\/lina\/","title":{"rendered":"LINA"},"content":{"rendered":"\n<p>A minha inf\u00e2ncia em Tr\u00e1s-os-Montes (nordeste de Portugal) foi guiada pelas m\u00e3os gastas dos meus pais que trabalhavam no campo. O meu pai era pastor e ensinou-me os fados de Am\u00e1lia e as can\u00e7\u00f5es populares da \u00e9poca. Quando fui estudar para o Porto, aos 10 anos, levei comigo tamb\u00e9m o gosto pelas can\u00e7\u00f5es e tornei-me solista do coro do C\u00edrculo Portuense de \u00d3pera. Depois de participar em v\u00e1rias \u00f3peras, estudei com a professora Palmira Troufa que, em todas as aulas de canto do Conservat\u00f3rio de M\u00fasica do Porto, me dizia que a m\u00fasica l\u00edrica n\u00e3o era para ser cantada de olhos fechados, que isso era coisa para o fado.<\/p>\n\n\n\n<p>A primeira vez que tive a coragem de cantar em p\u00fablico os tr\u00eas \u00fanicos fados que conhecia na altura, quando acabei de cantar, pediram-me para os cantar outra vez. Talvez tenha sido este o momento que me trouxe at\u00e9 onde estou agora.<\/p>\n\n\n\n<p>Em Lisboa, o Clube de Fado foi o ponto de partida do meu percurso, onde ainda canto regularmente. Gravei dois \u00e1lbuns com o nome Carolina porque queriam mudar o meu nome, mas o meu verdadeiro nome volta a abra\u00e7ar o meu percurso no lan\u00e7amento do \u00e1lbum com Ra\u00fcl Refree, onde as texturas e sonoridades da m\u00fasica eletr\u00f3nica s\u00e3o o foco central deste projeto, vestindo os grandes fados cl\u00e1ssicos de Am\u00e1lia.<\/p>\n\n\n\n<p>Agora, Lu\u00eds de Cam\u00f5es \u00e9 o meu novo desafio, uma ideia que surgiu h\u00e1 algum tempo e que inicialmente parecia inconceb\u00edvel. No entanto, com a minha teimosia e com o apoio e assist\u00eancia crucial de Am\u00e9lia Muge, o \u00e1lbum &#8220;Fado Cam\u00f5es&#8221; acaba de nascer. Produzido por Justin Adams, \u00e9 um \u00e1lbum que combina as letras de Cam\u00f5es com a m\u00fasica tradicional do fado.<\/p>\n\n\n\n<p>Tudo isto foi poss\u00edvel com o apoio das pessoas que me acompanharam neste percurso, em especial da minha gestora Carmo Cruz, que sempre acreditou verdadeiramente no meu trabalho.<\/p>\n\n\n\n<p>Outros projectos vir\u00e3o&#8230; novas dificuldades&#8230; novas conquistas&#8230;<\/p>\n\n\n\n<p><a href=\"https:\/\/www.lina.pt\/pt-pt\/bio\/\">Mais sobre mim&#8230;<\/a><\/p>\n\n\n\n<p><\/p>\n","protected":false},"excerpt":{"rendered":"<p>A minha inf\u00e2ncia em Tr\u00e1s-os-Montes (nordeste de Portugal) foi guiada pelas m\u00e3os gastas dos meus pais que trabalhavam no campo. O meu pai era pastor e ensinou-me os fados de Am\u00e1lia e as can\u00e7\u00f5es populares da \u00e9poca. Quando fui estudar para o Porto, aos 10 anos, levei comigo tamb\u00e9m o gosto pelas can\u00e7\u00f5es e tornei-me [&hellip;]<\/p>\n","protected":false},"author":1,"featured_media":0,"parent":0,"menu_order":0,"comment_status":"closed","ping_status":"closed","template":"","meta":{"ub_ctt_via":"","footnotes":""},"featured_image_src":null,"_links":{"self":[{"href":"https:\/\/www.lina.pt\/pt-pt\/wp-json\/wp\/v2\/pages\/1854"}],"collection":[{"href":"https:\/\/www.lina.pt\/pt-pt\/wp-json\/wp\/v2\/pages"}],"about":[{"href":"https:\/\/www.lina.pt\/pt-pt\/wp-json\/wp\/v2\/types\/page"}],"author":[{"embeddable":true,"href":"https:\/\/www.lina.pt\/pt-pt\/wp-json\/wp\/v2\/users\/1"}],"replies":[{"embeddable":true,"href":"https:\/\/www.lina.pt\/pt-pt\/wp-json\/wp\/v2\/comments?post=1854"}],"version-history":[{"count":0,"href":"https:\/\/www.lina.pt\/pt-pt\/wp-json\/wp\/v2\/pages\/1854\/revisions"}],"wp:attachment":[{"href":"https:\/\/www.lina.pt\/pt-pt\/wp-json\/wp\/v2\/media?parent=1854"}],"curies":[{"name":"wp","href":"https:\/\/api.w.org\/{rel}","templated":true}]}}