{"id":1858,"date":"2023-10-06T15:22:01","date_gmt":"2023-10-06T14:22:01","guid":{"rendered":"https:\/\/www.lina.pt\/imprensa\/"},"modified":"2023-10-18T21:29:42","modified_gmt":"2023-10-18T20:29:42","slug":"imprensa","status":"publish","type":"page","link":"https:\/\/www.lina.pt\/pt-pt\/imprensa\/","title":{"rendered":"Imprensa"},"content":{"rendered":"\n<p>REINO UNIDO<\/p>\n\n\n\n<p><strong><a href=\"https:\/\/pitchfork.com\/reviews\/albums\/lina-raul-refree-lina-raul-refree\/\">PITCHFORK<\/a><\/strong> &#8211; clique para ler o artigo completo<\/p>\n\n\n\n<p>&#8220;A produ\u00e7\u00e3o \u00e9 minimalista ao ponto da austeridade, criando uma intimidade que d\u00e1 a sensa\u00e7\u00e3o de estar com o duo numa sala escura&#8230; A produ\u00e7\u00e3o [is]  O seu lugar \u00e9 modestamente ocupado pelas melodias intemporais das can\u00e7\u00f5es e pela voz deslumbrante de Lina. A cantora possui uma voz de um poder e textura ferozmente \u00edntimos, capaz de, numa breve frase musical, tentar um p\u00e1ssaro para o parapeito da janela e rebentar com as portas da \u00f3pera, como no melodrama de &#8220;Quando eu era Pequenina&#8221;. &#8230; \u00cdntimo, sentido e solenemente convidativo, \u00e9 tamb\u00e9m um disco maravilhoso.&#8221; 7.7<\/p>\n\n\n\n<p><a href=\"https:\/\/www.theguardian.com\/music\/2020\/feb\/14\/move-over-rosalia-fado-is-the-new-flamenco-lina-raul-refree\">\n  <strong>O GUARDI\u00c3O<\/strong>\n<\/a> &#8211; clique para ler o artigo completo<\/p>\n\n\n\n<p>&#8220;Lina_Ra\u00fcl Refree est\u00e1 a atualizar o fado tradicional portugu\u00eas para o s\u00e9culo XXI&#8221;<\/p>\n\n\n\n<p><strong>O TEMPO<\/strong><\/p>\n\n\n\n<p>&#8220;Ra\u00fcl Refree [&#8230;] repensa o fado com a vocalista portuguesa Lina. Saem as guitarras, entram os sintetizadores e<br>teclados. \u00c9 uma intrus\u00e3o efectiva.<br>O contraste entre a emo\u00e7\u00e3o de sangue vermelho da voz de Lina e os tons electr\u00f3nicos frescos de, por exemplo, Destino, \u00e9 extremamente eficaz&#8230; Lana Del Rey encontra Lisboa&#8230;&#8221; ****<\/p>\n\n\n\n<p><strong>MOJO<\/strong><\/p>\n\n\n\n<p>&#8220;&#8230; Lina traz a tradi\u00e7\u00e3o, Ra\u00fcl Refree acrescenta-lhe paisagens sonoras experimentais para ela tocar em &#8230;. O Grande Cancioneiro de Am\u00e1lia Rodrigues repensado para piano e sintetizador em vez de guitarra, com a emo\u00e7\u00e3o inabal\u00e1vel da cantora por cima.&#8221; ****<\/p>\n\n\n\n<p><strong>\n  <a href=\"https:\/\/monolithcocktail.com\/tag\/raul-refree\/\">COCKTAIL MONOL\u00cdTICO<\/a>\n<\/strong> &#8211; clique para ler o artigo completo<\/p>\n\n\n\n<p>&#8220;Berrado, fantasmag\u00f3rico, sensual, suave e mel\u00f3dico: este \u00e1lbum \u00e9 tudo isto.<br>No entanto, \u00e9 tamb\u00e9m esparso e despojado, quase at\u00e9 \u00e0 mais t\u00e9nue das representa\u00e7\u00f5es, com a presen\u00e7a de Refree por vezes quase gravada do al\u00e9m do \u00e9ter. O legado do fado est\u00e1 em boas m\u00e3os, pois continua numa nova d\u00e9cada com um objetivo contempor\u00e2neo&#8221;.<\/p>\n\n\n\n<p><strong>BANDCAMP<\/strong><\/p>\n\n\n\n<p>&#8220;O \u00e1lbum que produziram, simplesmente intitulado Lina_Ra\u00fcl Refree, \u00e9 como nenhuma grava\u00e7\u00e3o de fado jamais feita&#8230; ou\u00e7a-o em<br>auscultadores, e o seu impacto \u00e9 esmagador&#8230; [It] traz as can\u00e7\u00f5es tradicionais para um novo contexto, mas a emo\u00e7\u00e3o pura<br>encarnado nas letras e nas vozes, mant\u00e9m-nos ancorados no esp\u00edrito eterno do fado&#8221;.<\/p>\n\n\n\n<p><strong>FRAN\u00c7A<\/strong><\/p>\n\n\n\n<p><strong>LE MONDE<\/strong><\/p>\n\n\n\n<p>&#8220;Um grande disco de fado, para dizer o m\u00ednimo&#8221;.<\/p>\n\n\n\n<p><strong>TELERAMA<\/strong><\/p>\n\n\n\n<p>&#8220;uma joia de modernidade&#8221;<\/p>\n\n\n\n<p><strong>OS INROCKUPTIBLES<\/strong><\/p>\n\n\n\n<p>&#8220;\u00e1lbum espl\u00eandido e surpreendente at\u00e9 ao seu final&#8221;<\/p>\n\n\n\n<p><strong>ESPANHA<\/strong><\/p>\n\n\n\n<p><strong>\n  <a href=\"https:\/\/elpais.com\/cultura\/2020\/01\/15\/actualidad\/1579107967_228482.html?fbclid=IwAR3CsYNuDOM4NJDA1iN\">El Pa\u00eds<\/a>\n<\/strong> &#8211; clique para ler o artigo completo<\/p>\n\n\n\n<p><a href=\"https:\/\/elpais.com\/elpais\/2019\/07\/11\/eps\/1562848094_329953.html\">\n  <strong>El Pa\u00eds<\/strong>\n<\/a> &#8211; clique para ler o artigo completo<\/p>\n\n\n\n<p><a href=\"https:\/\/www.elperiodico.com\/es\/ocio-y-cultura\/20200118\/disco-de-la-semana-lina-y-raul-refree-un-viaje-al-alma-del-fado-7810986\">\n  <strong>El Peri\u00f3dico<\/strong>\n<\/a> &#8211; clique para ler o artigo completo<\/p>\n\n\n\n<p><a href=\"https:\/\/www.elmundo.es\/metropoli\/musica\/2020\/01\/27\/5e2f1969fdddfff2128b4610.html\">\n  <strong>O Mundo<\/strong>\n<\/a> &#8211; clique para ler o artigo completo<\/p>\n\n\n\n<p><strong><a href=\"https:\/\/www.lavanguardia.com\/vida\/20201021\/484210536935\/lina-y-raul-refree-estrenan-en-centro-botin-su-proyecto-de-fado-experimental.html\">La Vanguardia<\/a> &#8211;<\/strong> clique para ler o artigo completo<\/p>\n\n\n\n<p><a href=\"https:\/\/www.abc.es\/cultura\/musica\/abci-refree-confiado-artistas-mayusculos-201802160116_noticia.html?ref=https:%2F%2Fwww.google.pt%2F\">\n  <strong>ABC Cultura<\/strong>\n<\/a> &#8211; clique para ler o artigo completo<\/p>\n\n\n\n<p><strong>ALEMANHA<\/strong><\/p>\n\n\n\n<p><strong>SONS GLOBAIS<\/strong><\/p>\n\n\n\n<p>&#8220;Fado que n\u00e3o convence pela intensidade emocional, mas pela conten\u00e7\u00e3o, pela fragilidade. Um novo mundo de sons para um velho livro de can\u00e7\u00f5es.&#8221; <strong> 5*<\/strong><\/p>\n\n\n\n<p><strong>IT\u00c1LIA<\/strong><\/p>\n\n\n\n<p>Giornale della Musica &#8211; <a href=\"https:\/\/www.giornaledellamusica.it\/articoli\/i-10-migliori-dischi-world-e-folk-del-2020?fbclid=IwAR3Y0ZBGPOgdwmVFPr6d7-Bh3Ws786PzHkw5rLg2axQYZxQ_tRyBsD2I3TY#.X9nFkGShOtk.facebook\">clique para ler o artigo completo <\/a> <\/p>\n\n\n\n<p>&#8220;Sensacionalmente surpreendente, com solu\u00e7\u00f5es on\u00edricas, esvaziadas de todos os floreados, onde a for\u00e7a do piano e os sintetizadores anal\u00f3gicos m\u00ednimos perdidos em zumbidos e ecos catalisam as emo\u00e7\u00f5es. Fenomenal&#8221;.<\/p>\n\n\n\n<p><strong>DINAMARCA<\/strong><\/p>\n\n\n\n<p><strong>\n  <a href=\"https:\/\/politiken.dk\/kultur\/musik\/art7794981\/De-har-fornyet-den-gamle-musik-og-f%C3%A5et-stor-succes-med-det\">POLITIKEN<\/a>\n<\/strong> &#8211; clique para ler o artigo completo<\/p>\n\n\n\n<p><strong>SU\u00c9CIA<\/strong><\/p>\n\n\n\n<p>&#8220;\u00c9 estranho que isto n\u00e3o tenha sido feito antes. Um verdadeiro derrube eletr\u00f3nico do fado portugu\u00eas. Lina abra\u00e7a<br>cada peda\u00e7o de drama na m\u00fasica tradicional com o seu soprano nervoso. \u00c9 um turbilh\u00e3o at\u00f3mico musical para agradar a<br>e o melhor \u00e1lbum at\u00e9 hoje&#8221;. <strong> 5*<\/strong><\/p>\n\n\n\n<p><strong>PORTUGAL<\/strong><\/p>\n\n\n\n<p><strong><a href=\"https:\/\/expresso.pt\/cultura\/2021-03-20-Uma-fadista-transmontana-um-musico-catalao.-Que-fado-e-o-de-Lina-e-Raul-Refree--2fcafa2e?fbclid=IwAR3mg1r5pONJUtzhGX_KWwcvnyeLMKO3s7-MXG-4DO847UrvTpCFgfY3Gy0\">EXPRESSO<\/a> &#8211; <\/strong><a href=\"https:\/\/expresso.pt\/cultura\/2021-03-20-Uma-fadista-transmontana-um-musico-catalao.-Que-fado-e-o-de-Lina-e-Raul-Refree--2fcafa2e?fbclid=IwAR3mg1r5pONJUtzhGX_KWwcvnyeLMKO3s7-MXG-4DO847UrvTpCFgfY3Gy0\">clique para ler o artigo completo<\/a><\/p>\n\n\n\n<p><strong>P\u00daBLICO<\/strong><\/p>\n\n\n\n<p>&#8220;Quando uma fadista se junta a um produtor e m\u00fasico catal\u00e3o, pode dar origem a uma das mais belas curiosidades<br>a que o fado tem sido sujeito nos \u00faltimos tempos. Lina_Ra\u00fcl Refree (&#8230;) encanta num di\u00e1logo entre voz, sintetizadores e pianos&#8221;.<\/p>\n\n\n\n<p><strong>EXPRESSO<\/strong><\/p>\n\n\n\n<p>&#8220;Transportam a Am\u00e1lia para s\u00edtios com que ela nunca sonharia.&#8221;<\/p>\n\n\n\n<p><strong>\n  <a href=\"https:\/\/visao.sapo.pt\/visaose7e\/livros--e-discos\/2020-02-17-lina-e-raul-refree--deram-novos-caminhos-aos-fados-de--amalia-o-disco-a-dois-ja-se-ouve-por-ai\/\">VIS\u00c3O<\/a>\n<\/strong> &#8211; clique para ler o artigo completo<\/p>\n\n\n\n<p>&#8220;O segredo, como muitos nos ensinaram, \u00e9 n\u00e3o distorcer, delineando com intelig\u00eancia e subutiliza\u00e7\u00e3o as caracter\u00edsticas \u00fanicas do Fado &#8211; e este Ra\u00fcl Refree parece ser um mestre.&#8221;<\/p>\n\n\n\n<p><strong>\n  <a href=\"https:\/\/www.dn.pt\/cultura\/lina-e-raul-refree-um-improvavel-encontro-entre-fado-e-musica-eletronica-12827477.html\">DI\u00c1RIO DE NOT\u00cdCIAS<\/a>\n<\/strong> &#8211; clique para ler o artigo completo<\/p>\n\n\n\n<p><strong>P\u00daBLICO<\/strong> &#8211; <a href=\"https:\/\/www.publico.pt\/2021\/04\/13\/culturaipsilon\/noticia\/premio-carlos-carmo-disco-estreia-dupla-lina-raul-refree-1958435\">clique para ler o artigo completo<\/a><\/p>\n\n\n\n<p><strong>OBSERVADOR<\/strong> &#8211; <a href=\"https:\/\/observador.pt\/2021\/04\/14\/primeira-edicao-do-novo-premio-carlos-do-carmo-distingue-disco-de-lina-e-raul-refree\/\">clique para ler o artigo completo<\/a><\/p>\n\n\n\n<p><strong>VIS\u00c3O<\/strong> &#8211; <a href=\"https:\/\/visao.sapo.pt\/atualidade\/sociedade\/2021-04-13-album-lina_raul-refree-distinguido-na-edicao-inaugural-do-premio-carlos-do-carmo\/\">clique para ler o artigo completo<\/a><\/p>\n","protected":false},"excerpt":{"rendered":"<p>REINO UNIDO PITCHFORK &#8211; clique para ler o artigo completo &#8220;A produ\u00e7\u00e3o \u00e9 minimalista ao ponto da austeridade, criando uma intimidade que d\u00e1 a sensa\u00e7\u00e3o de estar com o duo numa sala escura&#8230; A produ\u00e7\u00e3o [is] O seu lugar \u00e9 modestamente ocupado pelas melodias intemporais das can\u00e7\u00f5es e pela voz deslumbrante de Lina. A cantora [&hellip;]<\/p>\n","protected":false},"author":1,"featured_media":0,"parent":0,"menu_order":0,"comment_status":"closed","ping_status":"closed","template":"","meta":{"ub_ctt_via":"","footnotes":""},"featured_image_src":null,"_links":{"self":[{"href":"https:\/\/www.lina.pt\/pt-pt\/wp-json\/wp\/v2\/pages\/1858"}],"collection":[{"href":"https:\/\/www.lina.pt\/pt-pt\/wp-json\/wp\/v2\/pages"}],"about":[{"href":"https:\/\/www.lina.pt\/pt-pt\/wp-json\/wp\/v2\/types\/page"}],"author":[{"embeddable":true,"href":"https:\/\/www.lina.pt\/pt-pt\/wp-json\/wp\/v2\/users\/1"}],"replies":[{"embeddable":true,"href":"https:\/\/www.lina.pt\/pt-pt\/wp-json\/wp\/v2\/comments?post=1858"}],"version-history":[{"count":0,"href":"https:\/\/www.lina.pt\/pt-pt\/wp-json\/wp\/v2\/pages\/1858\/revisions"}],"wp:attachment":[{"href":"https:\/\/www.lina.pt\/pt-pt\/wp-json\/wp\/v2\/media?parent=1858"}],"curies":[{"name":"wp","href":"https:\/\/api.w.org\/{rel}","templated":true}]}}